{"id":3382,"date":"2023-12-17T11:27:41","date_gmt":"2023-12-17T04:27:41","guid":{"rendered":"https:\/\/opengis.vn\/?page_id=3382"},"modified":"2023-12-17T12:10:30","modified_gmt":"2023-12-17T05:10:30","slug":"ban-quyen-copyright","status":"publish","type":"page","link":"https:\/\/opengis.vn\/en\/ban-quyen-copyright\/","title":{"rendered":"B\u1ea3n quy\u1ec1n &#8211; Copyright"},"content":{"rendered":"<h1 class=\"wp-block-heading\"><\/h1>\n\n\n\n<p>To\u00e0n b\u1ed9 n\u1ed9i dung b\u00e0i v\u00e0 h\u00ecnh \u1ea3nh tr\u00ean opengis.vn (tr\u1eeb n\u1ed9i dung c\u00f3 ngu\u1ed3n tr\u00edch d\u1eabn) \u0111\u1ec1u thu\u1ed9c b\u1ea3n quy\u1ec1n c\u1ee7a\u00a0<strong>OpenGIS Vietnam<\/strong>.<\/p>\n\n\n\n<p><strong>M\u1ecdi h\u00ecnh th\u1ee9c \u0111\u0103ng t\u1ea3i l\u1ea1i n\u1ed9i dung, h\u00ecnh \u1ea3nh v\u1edbi tr\u00edch d\u1eabn ngu\u1ed3n kh\u00f4ng r\u00f5 r\u00e0ng (kh\u00f4ng \u0111\u1ec3 t\u00ean OpenGIS Vietnam, t\u00e1c gi\u1ea3, v\u00e0 kh\u00f4ng k\u00e8m link g\u1ed1c) v\u00ec m\u1ee5c \u0111\u00edch th\u01b0\u01a1ng m\u1ea1i l\u00e0 kh\u00f4ng \u0111\u01b0\u1ee3c ph\u00e9p<\/strong>,\u00a0tr\u1eeb tr\u01b0\u1eddng h\u1ee3p c\u00f3 s\u1ef1 \u0111\u1ed3ng \u00fd b\u1eb1ng v\u0103n b\u1ea3n c\u1ee7a OpenGIS Vietnam.<\/p>\n\n\n\n<p>M\u1ecdi th\u00f4ng tin trao \u0111\u1ed5i, c\u1ed9ng t\u00e1c, xin vui l\u00f2ng g\u1eedi t\u1edbi \u0111\u1ecba ch\u1ec9 email: <em>info@opengis.vn<\/em> ho\u1eb7c <em>info.opengisvn@gmail.com<\/em>.<\/p>\n\n\n\n<p>Xin c\u00e1m \u01a1n!<\/p>","protected":false},"excerpt":{"rendered":"<p>To\u00e0n b\u1ed9 n\u1ed9i dung b\u00e0i v\u00e0 h\u00ecnh \u1ea3nh tr\u00ean opengis.vn (tr\u1eeb n\u1ed9i dung c\u00f3 ngu\u1ed3n tr\u00edch d\u1eabn) \u0111\u1ec1u thu\u1ed9c b\u1ea3n quy\u1ec1n c\u1ee7a\u00a0OpenGIS Vietnam. M\u1ecdi h\u00ecnh th\u1ee9c \u0111\u0103ng&#8230; <\/p>","protected":false},"author":2,"featured_media":0,"parent":0,"menu_order":0,"comment_status":"closed","ping_status":"closed","template":"","meta":{"footnotes":""},"class_list":["post-3382","page","type-page","status-publish","hentry"],"_links":{"self":[{"href":"https:\/\/opengis.vn\/en\/wp-json\/wp\/v2\/pages\/3382","targetHints":{"allow":["GET"]}}],"collection":[{"href":"https:\/\/opengis.vn\/en\/wp-json\/wp\/v2\/pages"}],"about":[{"href":"https:\/\/opengis.vn\/en\/wp-json\/wp\/v2\/types\/page"}],"author":[{"embeddable":true,"href":"https:\/\/opengis.vn\/en\/wp-json\/wp\/v2\/users\/2"}],"replies":[{"embeddable":true,"href":"https:\/\/opengis.vn\/en\/wp-json\/wp\/v2\/comments?post=3382"}],"version-history":[{"count":1,"href":"https:\/\/opengis.vn\/en\/wp-json\/wp\/v2\/pages\/3382\/revisions"}],"predecessor-version":[{"id":3383,"href":"https:\/\/opengis.vn\/en\/wp-json\/wp\/v2\/pages\/3382\/revisions\/3383"}],"wp:attachment":[{"href":"https:\/\/opengis.vn\/en\/wp-json\/wp\/v2\/media?parent=3382"}],"curies":[{"name":"wp","href":"https:\/\/api.w.org\/{rel}","templated":true}]}}