{"id":3680,"date":"2024-03-20T17:42:44","date_gmt":"2024-03-20T10:42:44","guid":{"rendered":"https:\/\/opengis.vn\/?page_id=3680"},"modified":"2024-04-05T12:33:41","modified_gmt":"2024-04-05T05:33:41","slug":"chinh-sach-thanh-toan-va-bao-hanh","status":"publish","type":"page","link":"https:\/\/opengis.vn\/en\/chinh-sach-thanh-toan-va-bao-hanh\/","title":{"rendered":"Payment and warranty policy"},"content":{"rendered":"<div class=\"wp-block-image\">\n<figure class=\"aligncenter size-full is-resized\"><img fetchpriority=\"high\" decoding=\"async\" width=\"500\" height=\"500\" src=\"https:\/\/opengis.vn\/wp-content\/uploads\/2024\/03\/profile-1.png\" alt=\"\" class=\"wp-image-3681\" style=\"width:198px;height:auto\" srcset=\"https:\/\/opengis.vn\/wp-content\/uploads\/2024\/03\/profile-1.png 500w, https:\/\/opengis.vn\/wp-content\/uploads\/2024\/03\/profile-1-300x300.png 300w, https:\/\/opengis.vn\/wp-content\/uploads\/2024\/03\/profile-1-150x150.png 150w, https:\/\/opengis.vn\/wp-content\/uploads\/2024\/03\/profile-1-50x50.png 50w, https:\/\/opengis.vn\/wp-content\/uploads\/2024\/03\/profile-1-12x12.png 12w\" sizes=\"(max-width: 500px) 100vw, 500px\" \/><\/figure>\n<\/div>\n\n\n<h2 class=\"wp-block-heading has-text-align-center\">Payment and warranty policy<\/h2>\n\n\n\n<p>Ch\u00e0o m\u1eebng b\u1ea1n \u0111\u1ebfn v\u1edbi website <strong>OpenGIS Vi\u1ec7t Nam.&nbsp;<\/strong>&nbsp;<\/p>\n\n\n\n<p>Website n\u00e0y, <a href=\"http:\/\/www.opengis.vn\/\" target=\"_blank\" rel=\"noreferrer noopener\">www.opengis.vn<\/a> (v\u00e0 <a href=\"http:\/\/www.cloud.opengis.vn\/\" target=\"_blank\" rel=\"noreferrer noopener\">www.cloud.opengis.vn<\/a>, <a href=\"http:\/\/www.course.opengis.vn\/\" target=\"_blank\" rel=\"noreferrer noopener\">www.course.opengis.vn<\/a>) \u0111\u01b0\u1ee3c s\u1edf h\u1eefu v\u00e0 \u0111i\u1ec1u h\u00e0nh b\u1edfi <strong>OPENGIS VIETNAM COMPANY LIMITED<\/strong> (g\u1ecdi chung l\u00e0 \u201cOpenGIS\u201d ho\u1eb7c \u201cOpenGIS Vi\u1ec7t Nam\u201d, ho\u1eb7c \u201cch\u00fang t\u00f4i\u201d).&nbsp;&nbsp;<\/p>\n\n\n\n<p>Ch\u00ednh s\u00e1ch thanh to\u00e1n v\u00e0 b\u1ea3o h\u00e0nh n\u00e0y (&#8220;Ch\u00ednh s\u00e1ch&#8221;) m\u00f4 t\u1ea3 c\u00e1ch th\u1ee9c thanh to\u00e1n c\u1ee7a Qu\u00fd kh\u00e1ch trong qu\u00e1 tr\u00ecnh Qu\u00fd kh\u00e1ch s\u1eed d\u1ee5ng c\u00e1c trang web, \u1ee9ng d\u1ee5ng, s\u1ea3n ph\u1ea9m, ph\u1ea7n m\u1ec1m v\u00e0 d\u1ecbch v\u1ee5 c\u1ee7a OpenGIS (g\u1ecdi chung l\u00e0 \u201cS\u1ea3n Ph\u1ea9m C\u1ee7a OpenGIS\u201d). \u0110\u1ed3ng th\u1eddi m\u00f4 t\u1ea3 ch\u00ednh s\u00e1ch b\u1ea3o h\u00e0nh c\u1ee7a ch\u00fang t\u00f4i \u0111\u1ed1i v\u1edbi C\u00e1c S\u1ea3n Ph\u1ea9m c\u1ee7a OpenGIS.&nbsp;<\/p>\n\n\n\n<p><strong>I. PH\u01af\u01a0NG TH\u1ee8C THANH TO\u00c1N<\/strong>&nbsp;<\/p>\n\n\n\n<p>Sau khi \u0111\u0103ng k\u00fd s\u1eed d\u1ee5ng ho\u1eb7c k\u00fd k\u1ebft h\u1ee3p \u0111\u1ed3ng s\u1eed d\u1ee5ng c\u00e1c S\u1ea3n Ph\u1ea9m c\u1ee7a OpenGIS, Qu\u00fd kh\u00e1ch s\u1ebd thanh to\u00e1n qua c\u00e1c h\u00ecnh th\u1ee9c sau:&nbsp;<\/p>\n\n\n\n<p><strong>1. Chuy\u1ec3n kho\u1ea3n qua ng\u00e2n h\u00e0ng<\/strong>&nbsp;<\/p>\n\n\n\n<p>Vi\u1ec7c thanh to\u00e1n c\u1ee5 th\u1ec3 \u0111\u1ec1u \u0111\u01b0\u1ee3c ghi r\u00f5 trong H\u1ee3p \u0111\u1ed3ng k\u00fd k\u1ebft gi\u1eefa 2 b\u00ean.&nbsp;<\/p>\n\n\n\n<p>Th\u00f4ng tin Ng\u00e2n h\u00e0ng:\u00a0<br>&#8211; T\u00ean t\u00e0i kho\u1ea3n: <strong>OPENGIS VIETNAM COMPANY LIMITED<\/strong>\u00a0<br>&#8211; S\u1ed1 t\u00e0i kho\u1ea3n: <strong>8989 33 8888<\/strong>\u00a0<br>&#8211; T\u1ea1i Ng\u00e2n h\u00e0ng Th\u01b0\u01a1ng m\u1ea1i C\u1ed5 ph\u1ea7n Qu\u00e2n \u0110\u1ed9i (MB Bank).\u00a0<br>&#8211; N\u1ed9i dung chuy\u1ec3n kho\u1ea3n: S\u1ed1 \u0111i\u1ec7n tho\u1ea1i + T\u00ean G\u00f3i d\u1ecbch v\u1ee5 + s\u1ed1 ti\u1ec1n.<\/p>\n\n\n\n<p><strong>2. Th\u1ee7 t\u1ee5c sau khi thanh to\u00e1n<\/strong>&nbsp;<\/p>\n\n\n\n<p>Qu\u00fd kh\u00e1ch vui l\u00f2ng ch\u1ee5p l\u1ea1i th\u00f4ng tin thanh to\u00e1n th\u00e0nh c\u00f4ng v\u00e0 g\u1eedi qua email: <a href=\"mailto:info@opengis.vn\" target=\"_blank\" rel=\"noreferrer noopener\">info@opengis.vn<\/a> \u0111\u1ec3 th\u00f4ng b\u00e1o \u0111\u00e3 chuy\u1ec3n ti\u1ec1n.&nbsp;<\/p>\n\n\n\n<p>L\u01b0u \u00fd: Ch\u00fang t\u00f4i kh\u00f4ng ch\u1ecbu tr\u00e1ch nhi\u1ec7m v\u1ec1 sai x\u00f3t trong qu\u00e1 tr\u00ecnh chuy\u1ec3n kho\u1ea3n sai th\u00f4ng tin. Qu\u00fd kh\u00e1ch vui l\u00f2ng l\u00e0m vi\u1ec7c v\u1edbi Ng\u00e2n h\u00e0ng \u0111\u1ec3 x\u1eed l\u00fd nh\u1eefng sai x\u00f3t tr\u00ean.&nbsp;<\/p>\n\n\n\n<p><strong>II. CH\u00cdNH S\u00c1CH B\u1ea2O H\u00c0NH<\/strong>&nbsp;<\/p>\n\n\n\n<p><strong>1. Ch\u00ednh s\u00e1ch b\u1ea3o h\u00e0nh \u0111\u1ed1i v\u1edbi s\u1ea3n ph\u1ea9m d\u1ecbch v\u1ee5, gi\u1ea3i ph\u00e1p<\/strong>&nbsp;<\/p>\n\n\n\n<p>Ch\u00ednh s\u00e1ch b\u1ea3o h\u00e0nh \u0111\u1ed1i v\u1edbi c\u00e1c s\u1ea3n ph\u1ea9m d\u1ecbch v\u1ee5, gi\u1ea3i ph\u00e1p GIS g\u1ed3m: WebGIS, CloudGIS, Hosting, MapServer,\u2026nh\u01b0 sau:&nbsp;<\/p>\n\n\n\n<ul class=\"wp-block-list\">\n<li>\u0110\u1ed1i v\u1edbi c\u00e1c h\u1ee3p \u0111\u1ed3ng d\u1ef1 \u00e1n k\u00fd k\u1ebft gi\u1eefa OpenGIS v\u00e0 Kh\u00e1ch h\u00e0ng, quy \u0111\u1ecbnh v\u1ec1 ch\u00ednh s\u00e1ch b\u1ea3o h\u00e0nh S\u1ea3n ph\u1ea9m \u0111\u01b0\u1ee3c n\u00eau c\u1ee5 th\u1ec3 trong H\u1ee3p \u0111\u1ed3ng \u0111\u00e3 k\u00fd k\u1ebft.&nbsp;<\/li>\n\n\n\n<li>Khi nh\u1eadn \u0111\u01b0\u1ee3c y\u00eau c\u1ea7u b\u1ea3o h\u00e0nh ch\u00ednh th\u1ee9c b\u1eb1ng v\u0103n b\u1ea3n ho\u1eb7c qua email, \u0111i\u1ec7n tho\u1ea1i c\u1ee7a Qu\u00fd kh\u00e1ch, OpenGIS c\u00f3 tr\u00e1ch nhi\u1ec7m nghi\u00ean c\u1ee9u v\u00e0 \u0111\u1ec1 xu\u1ea5t gi\u1ea3i ph\u00e1p kh\u1eafc ph\u1ee5c l\u1ed7i trong v\u00f2ng <strong>07 ng\u00e0y<\/strong> l\u00e0m vi\u1ec7c (kh\u00f4ng t\u00ednh ng\u00e0y l\u1ec5 v\u00e0 cu\u1ed1i tu\u1ea7n) k\u1ec3 t\u1eeb khi nh\u1eadn y\u00eau c\u1ea7u.&nbsp;<\/li>\n\n\n\n<li>Tr\u00e1ch nhi\u1ec7m c\u1ee7a OpenGIS l\u00e0 b\u1ea3o h\u00e0nh, kh\u1eafc ph\u1ee5c c\u00e1c l\u1ed7i S\u1ea3n Ph\u1ea9m do b\u00ean OpenGIS nh\u01b0: l\u1ed7i s\u1ef1 c\u1ed1 do l\u1eadp tr\u00ecnh ph\u1ea7n m\u1ec1m, l\u1ed7i h\u1ec7 th\u1ed1ng \u0111i\u1ec1u h\u00e0nh, v\u1eadn h\u00e0nh, l\u1ed7i d\u1eef li\u1ec7u,&#8230;&nbsp;<\/li>\n\n\n\n<li>C\u00e1c y\u00eau c\u1ea7u ph\u00e1t sinh ngo\u00e0i ph\u1ea1m vi b\u1ea3o h\u00e0nh c\u1ee7a OpenGIS \u0111\u00e3 k\u00fd k\u1ebft v\u1edbi Qu\u00fd kh\u00e1ch s\u1ebd \u0111\u01b0\u1ee3c t\u00ednh th\u00eam kinh ph\u00ed th\u1ecfa thu\u1eadn gi\u1eefa 2 b\u00ean.&nbsp;<\/li>\n<\/ul>\n\n\n\n<p><strong>2. Ch\u00ednh s\u00e1ch b\u1ea3o h\u00e0nh \u0111\u1ed1i v\u1edbi s\u1ea3n ph\u1ea9m OpenGIS l\u00e0m \u0111\u1ea1i l\u00fd b\u00e1n h\u00e0ng<\/strong>&nbsp;<\/p>\n\n\n\n<p>Ch\u00ednh s\u00e1ch b\u1ea3o h\u00e0nh \u0111\u1ed1i v\u1edbi c\u00e1c s\u1ea3n ph\u1ea9m m\u00e0 OpenGIS l\u00e0m \u0111\u1ea1i l\u00fd b\u00e1n h\u00e0ng s\u1ebd \u0111\u01b0\u1ee3c b\u1ea3o h\u00e0nh theo \u0111\u00fang quy \u0111\u1ecbnh c\u1ee7a Nh\u00e0 s\u1ea3n xu\u1ea5t, Nh\u00e0 cung c\u1ea5p.&nbsp;<\/p>\n\n\n\n<p><strong>3. Ch\u00ednh s\u00e1ch b\u1ea3o h\u00e0nh \u0111\u1ed1i v\u1edbi Kh\u00f3a h\u1ecdc c\u1ee7a OpenGIS<\/strong>&nbsp;<\/p>\n\n\n\n<p>3.1. Th\u1eddi gian b\u1ea3o h\u00e0nh&nbsp;<\/p>\n\n\n\n<p>Th\u1eddi gian b\u1ea3o h\u00e0nh l\u00e0 <strong>01 n\u0103m<\/strong> k\u1ec3 t\u1eeb ng\u00e0y Qu\u00fd kh\u00e1ch \u0111\u00e3 thanh to\u00e1n th\u00e0nh c\u00f4ng kh\u00f3a h\u1ecdc.&nbsp;<\/p>\n\n\n\n<p>3.2. \u0110i\u1ec1u ki\u1ec7n b\u1ea3o h\u00e0nh&nbsp;<\/p>\n\n\n\n<p>Video ch\u1ec9 \u0111\u01b0\u1ee3c b\u1ea3o h\u00e0nh khi l\u1ed7i ph\u00e1t sinh t\u1eeb OpenGIS ho\u1eb7c n\u1ec1n t\u1ea3ng cung c\u1ea5p d\u1ecbch v\u1ee5 ph\u00e1t video. OpenGIS kh\u00f4ng b\u1ea3o h\u00e0nh trong tr\u01b0\u1eddng h\u1ee3p kh\u00e1ch h\u00e0ng kh\u00f4ng xem video do kh\u00f4ng c\u00f3 thi\u1ebft b\u1ecb ph\u00f9 h\u1ee3p \u0111\u1ec3 s\u1eed d\u1ee5ng ho\u1eb7c kh\u00f4ng c\u00f3 m\u1ea1ng internet.&nbsp;<\/p>\n\n\n\n<p>3.3. Ch\u00ednh s\u00e1ch \u0111\u1ed5i tr\u1ea3 kh\u00f3a h\u1ecdc&nbsp;<\/p>\n\n\n\n<p>Video l\u00e0 s\u1ea3n ph\u1ea9m phi v\u1eadt l\u00fd n\u00ean OpenGIS kh\u00f4ng \u0111\u1ed3ng \u00fd \u0111\u1ed5i tr\u1ea3 sang video kh\u00f3a h\u1ecdc kh\u00e1c. Tuy nhi\u00ean kh\u00e1ch h\u00e0ng c\u00f3 quy\u1ec1n y\u00eau c\u1ea7u ho\u00e0n tr\u1ea3 ti\u1ec1n n\u1ebfu video kh\u00f4ng \u0111\u00fang nh\u01b0 th\u00f4ng tin gi\u1edbi thi\u1ec7u ho\u1eb7c video kh\u00f4ng xem \u0111\u01b0\u1ee3c do l\u1ed7i ph\u00e1t sinh t\u1eeb OpenGIS trong th\u1eddi gian b\u1ea3o h\u00e0nh.&nbsp;<\/p>\n\n\n\n<p>B\u1ea1n c\u00f3 th\u1ec3 y\u00eau c\u1ea7u ho\u00e0n l\u1ea1i h\u1ecdc ph\u00ed qua email: <a href=\"mailto:support@opengis.vn\" target=\"_blank\" rel=\"noreferrer noopener\">support@opengis.vn.<\/a>&nbsp;<\/p>\n\n\n\n<p>\u0110i\u1ec1u ki\u1ec7n ho\u00e0n h\u1ecdc ph\u00ed:&nbsp;<\/p>\n\n\n\n<ol class=\"wp-block-list\" start=\"1\">\n<li>Trong v\u00f2ng 02 ng\u00e0y t\u1eeb ng\u00e0y thanh to\u00e1n.&nbsp;<\/li>\n<\/ol>\n\n\n\n<ol class=\"wp-block-list\" start=\"2\">\n<li>H\u1ecdc ch\u01b0a qu\u00e1 5-10% s\u1ed1 b\u00e0i h\u1ecdc.&nbsp;<\/li>\n<\/ol>\n\n\n\n<ol class=\"wp-block-list\" start=\"3\">\n<li>Kho\u00e1 h\u1ecdc b\u1ecb l\u1ed7i do OpenGIS ph\u00e1t h\u00e0nh.&nbsp;<\/li>\n<\/ol>\n\n\n\n<ol class=\"wp-block-list\" start=\"4\">\n<li>Do \u0111i\u1ec1u ki\u1ec7n b\u1ea5t kh\u1ea3 kh\u00e1ng m\u00e0 OpenGIS kh\u00f4ng th\u1ec3 ti\u1ebfp t\u1ee5c cung c\u1ea5p d\u1ecbch v\u1ee5 cho Kh\u00f3a h\u1ecdc.&nbsp;<\/li>\n<\/ol>\n\n\n\n<p>N\u1ebfu \u0111\u00e1p \u1ee9ng c\u00e1c \u0111i\u1ec1u ki\u1ec7n ho\u00e0n ph\u00ed, OpenGIS ch\u1ec9 ho\u00e0n tr\u1ea3 t\u1ed1i \u0111a 70% h\u1ecdc ph\u00ed t\u00f9y theo hi\u1ec7n tr\u1ea1ng h\u1ecdc t\u1eadp Kh\u00f3a h\u1ecdc c\u1ee7a H\u1ecdc vi\u00ean.&nbsp;<\/p>\n\n\n\n<p>Trong tr\u01b0\u1eddng h\u1ee3p kh\u00f4ng thanh to\u00e1n theo ch\u00ednh s\u00e1ch c\u00f4ng ty (mua t\u1eeb Gi\u1ea3ng vi\u00ean, t\u1eeb 1 t\u00e0i kho\u1ea3n kh\u00e1c,\u2026), OpenGIS kh\u00f4ng ch\u1ecbu tr\u00e1ch nhi\u1ec7m v\u1ec1 N\u1ed9i dung v\u00e0 ho\u00e0n tr\u1ea3 h\u1ecdc ph\u00ed.&nbsp;<\/p>\n\n\n\n<p>OpenGIS kh\u00f4ng ch\u1ecbu tr\u00e1ch nhi\u1ec7m v\u00e0 kh\u00f4ng ho\u00e0n h\u1ecdc ph\u00ed cho Qu\u00fd kh\u00e1ch n\u1ebfu kh\u00f4ng \u0111\u1ee7 \u0111i\u1ec1u ki\u1ec7n ho\u00e0n h\u1ecdc ph\u00ed.&nbsp;<\/p>\n\n\n\n<p>Ngay khi g\u1eedi y\u00eau c\u1ea7u ho\u00e0n ti\u1ec1n, kh\u00e1ch h\u00e0ng s\u1ebd kh\u00f4ng th\u1ec3 truy c\u1eadp v\u00e0o c\u00e1c kho\u00e1 h\u1ecdc t\u01b0\u01a1ng \u1ee9ng.&nbsp;<\/p>\n\n\n\n<p>N\u1ed9i dung email \u0111\u1ec1 ngh\u1ecb ho\u00e0n h\u1ecdc ph\u00ed:&nbsp;<\/p>\n\n\n\n<p>\u2013 Ti\u00eau \u0111\u1ec1 email: Y\u00eau c\u1ea7u ho\u00e0n h\u1ecdc ph\u00ed&nbsp;<br>\u2013 N\u1ed9i dung email, b\u1ea1n c\u1ea7n ghi r\u00f5:&nbsp;<br>+ H\u1ecd v\u00e0 t\u00ean:&nbsp;<br>+ Email \u0111\u0103ng k\u00fd h\u1ecdc:&nbsp;<br>+ T\u00ean kh\u00f3a h\u1ecdc:&nbsp;<br>+ S\u1ed1 ti\u1ec1n h\u1ecdc ph\u00ed \u0111\u00e3 n\u1ed9p:&nbsp;<\/p>\n\n\n\n<p>\u2013 C\u00e1ch th\u1ee9c b\u1ea1n mu\u1ed1n nh\u1eadn l\u1ea1i ti\u1ec1n ho\u00e0n h\u1ecdc ph\u00ed:&nbsp;<br>\u2013 S\u1ed1 ti\u1ec1n ho\u00e0n = S\u1ed1 ti\u1ec1n th\u1ef1c nh\u1eadn v\u1ec1 OpenGIS x t\u1ec9 l\u1ec7 ho\u00e0n ti\u1ec1n (sau khi tr\u1eeb \u0111i c\u00e1c chi ph\u00ed ph\u00e1t sinh khi giao d\u1ecbch)&nbsp;<br>\u2013 Th\u1eddi h\u1ea1n ho\u00e0n ti\u1ec1n: trong v\u00f2ng 7 ng\u00e0y l\u00e0m vi\u1ec7c k\u1ec3 t\u1eeb ng\u00e0y nh\u1eadn \u0111\u01b0\u1ee3c y\u00eau c\u1ea7u c\u1ee7a b\u1ea1n.&nbsp;<\/p>\n\n\n\n<p><strong>III. H\u1ed6 TR\u1ee2 KH\u00c1CH H\u00c0NG<\/strong>&nbsp;<\/p>\n\n\n\n<p>Ch\u00ednh s\u00e1ch thanh to\u00e1n v\u00e0 b\u1ea3o h\u00e0nh m\u1edbi nh\u1ea5t c\u1ee7a <strong>OpenGIS<\/strong> c\u00f3 hi\u1ec7u l\u1ef1c t\u1eeb ng\u00e0y 19 th\u00e1ng 12 n\u0103m 2023.&nbsp;<\/p>\n\n\n\n<p>N\u1ebfu Qu\u00fd kh\u00e1ch c\u00f3 b\u1ea5t k\u1ef3 c\u00e2u h\u1ecfi, th\u1eafc m\u1eafc c\u1ea7n gi\u1ea3i \u0111\u00e1p v\u1ec1 ch\u00ednh s\u00e1ch n\u00e0y ho\u1eb7c mu\u1ed1n li\u00ean h\u1ec7 v\u1edbi ng\u01b0\u1eddi ph\u1ee5 tr\u00e1ch ki\u1ec3m so\u00e1t th\u00f4ng tin c\u1ee7a OpenGIS, vui l\u00f2ng li\u00ean l\u1ea1c theo th\u00f4ng tin sau:&nbsp;<\/p>\n\n\n\n<p>Email: support@opengis.vn&nbsp;<\/p>\n\n\n\n<p>Phone\/Zalo: 0902.114.839&nbsp;<\/p>","protected":false},"excerpt":{"rendered":"<p>Ch\u00ednh s\u00e1ch thanh to\u00e1n v\u00e0 b\u1ea3o h\u00e0nh Ch\u00e0o m\u1eebng b\u1ea1n \u0111\u1ebfn v\u1edbi website OpenGIS Vi\u1ec7t Nam.&nbsp;&nbsp; Website n\u00e0y, www.opengis.vn (v\u00e0 www.cloud.opengis.vn, www.course.opengis.vn) \u0111\u01b0\u1ee3c s\u1edf h\u1eefu v\u00e0 \u0111i\u1ec1u&#8230; <\/p>","protected":false},"author":4,"featured_media":0,"parent":0,"menu_order":0,"comment_status":"closed","ping_status":"closed","template":"","meta":{"footnotes":""},"class_list":["post-3680","page","type-page","status-publish","hentry"],"_links":{"self":[{"href":"https:\/\/opengis.vn\/en\/wp-json\/wp\/v2\/pages\/3680","targetHints":{"allow":["GET"]}}],"collection":[{"href":"https:\/\/opengis.vn\/en\/wp-json\/wp\/v2\/pages"}],"about":[{"href":"https:\/\/opengis.vn\/en\/wp-json\/wp\/v2\/types\/page"}],"author":[{"embeddable":true,"href":"https:\/\/opengis.vn\/en\/wp-json\/wp\/v2\/users\/4"}],"replies":[{"embeddable":true,"href":"https:\/\/opengis.vn\/en\/wp-json\/wp\/v2\/comments?post=3680"}],"version-history":[{"count":2,"href":"https:\/\/opengis.vn\/en\/wp-json\/wp\/v2\/pages\/3680\/revisions"}],"predecessor-version":[{"id":3959,"href":"https:\/\/opengis.vn\/en\/wp-json\/wp\/v2\/pages\/3680\/revisions\/3959"}],"wp:attachment":[{"href":"https:\/\/opengis.vn\/en\/wp-json\/wp\/v2\/media?parent=3680"}],"curies":[{"name":"wp","href":"https:\/\/api.w.org\/{rel}","templated":true}]}}