{"id":4744,"date":"2024-06-17T22:27:20","date_gmt":"2024-06-17T15:27:20","guid":{"rendered":"https:\/\/opengis.vn\/?page_id=4744"},"modified":"2025-12-25T14:02:52","modified_gmt":"2025-12-25T07:02:52","slug":"khoa-hoc-gis","status":"publish","type":"page","link":"https:\/\/opengis.vn\/en\/khoa-hoc-gis\/","title":{"rendered":"GIS Course"},"content":{"rendered":"<h3 class=\"wp-block-heading\">OpenGIS Vi\u1ec7t Nam khai gi\u1ea3ng\u00a0<mark style=\"background-color:#ffec56\" class=\"has-inline-color has-vivid-red-color\">Kh\u00f3a h\u1ecdc GIS #26.01(khai gi\u1ea3ng th\u00e1ng 01\/2026)<\/mark>.<\/h3>\n\n\n\n<p><strong>GIS Course<\/strong> mang \u0111\u1ebfn n\u1ec1n t\u1ea3ng ki\u1ebfn th\u1ee9c t\u1ed5ng h\u1ee3p t\u1eeb GIS, l\u00e0 gi\u1ea3i ph\u00e1p hi\u1ec7u qu\u1ea3 trong x\u00e2y d\u1ef1ng d\u1eef li\u1ec7u, qu\u1ea3n l\u00fd, ph\u00e2n t\u00edch v\u00e0 l\u1eadp b\u1ea3n \u0111\u1ed3 chuy\u00ean \u0111\u1ec1. \u0110\u1ebfn v\u1edbi kh\u00f3a \u0111\u00e0o t\u1ea1o GIS, c\u00e1c b\u1ea1n \u0111\u01b0\u1ee3c tr\u1ea3i nghi\u1ec7m g\u1ea7n nh\u01b0 \u0111\u1ea7y \u0111\u1ee7 v\u00e0 ti\u1ebfp c\u1eadn c\u00e1c ki\u1ebfn th\u1ee9c v\u1ec1 GIS, x\u00e2y d\u1ef1ng d\u1eef li\u1ec7u chuy\u00ean \u0111\u1ec1, ph\u00e2n t\u00edch d\u1eef li\u1ec7u kh\u00f4ng gian, x\u00e2y d\u1ef1ng b\u1ea3n \u0111\u1ed3 chuy\u00ean \u0111\u1ec1\u2026<\/p>\n\n\n\n<h4 class=\"wp-block-heading\">1. M\u1ee5c ti\u00eau \u0111\u00e0o t\u1ea1o:<\/h4>\n\n\n\n<p>Trang b\u1ecb cho h\u1ecdc vi\u00ean nh\u1eefng ki\u1ebfn th\u1ee9c c\u01a1 b\u1ea3n v\u1ec1 GIS v\u00e0 k\u1ef9 n\u0103ng s\u1eed d\u1ee5ng c\u00e1c tool x\u1eed l\u00fd, ph\u00e2n tr\u00edch, truy v\u1ea5n d\u1eef li\u1ec7u, s\u1ed1 h\u00f3a, bi\u00ean t\u1eadp b\u1ea3n \u0111\u1ed3 v\u00e0 th\u00e0nh l\u1eadp b\u1ea3n \u0111\u1ed3 chuy\u00ean \u0111\u1ec1.<\/p>\n\n\n\n<p>C\u00e1c l\u0129nh v\u1ef1c Kh\u00f3a h\u1ecdc GIS \u0111\u00e0o t\u1ea1o:<\/p>\n\n\n\n<ul class=\"wp-block-list\">\n<li>L\u0129nh v\u1ef1c quy ho\u1ea1ch.<\/li>\n\n\n\n<li>L\u0129nh v\u1ef1c b\u1ea5t \u0111\u1ed9ng s\u1ea3n.<\/li>\n\n\n\n<li>L\u0129nh v\u1ef1c th\u1ee7y l\u1ee3i.<\/li>\n\n\n\n<li>L\u0129nh v\u1ef1c n\u00f4ng nghi\u1ec7p.<\/li>\n\n\n\n<li>S\u1ed1 h\u00f3a b\u1ea3n \u0111\u1ed3.<\/li>\n\n\n\n<li>Chuy\u1ec3n \u0111\u1ed5i d\u1eef li\u1ec7u CAD, Microstation sang d\u1eef li\u1ec7u GIS.<\/li>\n\n\n\n<li>L\u0129nh v\u1ef1c chuy\u00ean m\u00f4n kh\u00e1c,&#8230;.<\/li>\n<\/ul>\n\n\n\n<h4 class=\"wp-block-heading\">2. L\u1ecbch h\u1ecdc:<\/h4>\n\n\n\n<ul class=\"wp-block-list\">\n<li>H\u00ecnh th\u1ee9c h\u1ecdc:&nbsp;<mark style=\"background-color:rgba(0, 0, 0, 0)\" class=\"has-inline-color has-vivid-red-color\">Online\/Mua Kh\u00f3a h\u1ecdc Online<\/mark>.<\/li>\n\n\n\n<li>L\u1ecbch h\u1ecdc b\u1eaft \u0111\u1ea7u: t\u1eeb\u00a0<mark style=\"background-color:rgba(0, 0, 0, 0)\" class=\"has-inline-color has-vivid-red-color\">05\/01\/2026<\/mark>.<\/li>\n\n\n\n<li>Th\u1eddi gian: C\u00e1c t\u1ed1i&nbsp;<mark style=\"background-color:rgba(0, 0, 0, 0)\" class=\"has-inline-color has-vivid-red-color\">Th\u1ee9 2 \u0111\u1ebfn Ch\u1ee7 nh\u1eadt t\u1eeb 20h00-22h00 (c\u00f3 th\u1ec3 linh \u0111\u1ed9ng)<\/mark>.<\/li>\n\n\n\n<li>S\u1ed1 bu\u1ed5i:&nbsp;<mark style=\"background-color:rgba(0, 0, 0, 0)\" class=\"has-inline-color has-vivid-red-color\">6 bu\u1ed5i<\/mark>.<\/li>\n<\/ul>\n\n\n\n<h4 class=\"wp-block-heading\">3. Gi\u1ea3ng vi\u00ean:<\/h4>\n\n\n\n<ul class=\"wp-block-list\">\n<li>Gi\u1ea3ng vi\u00ean: Th.S \u0110\u1ed7 Th\u00e0nh Long\/Th.S Nguy\u1ec5n Th\u1ebf \u0110\u01b0\u1ee3c.<\/li>\n\n\n\n<li>\u0110\u01a1n v\u1ecb c\u00f4ng t\u00e1c: OpenGIS Vi\u1ec7t Nam.<\/li>\n<\/ul>\n\n\n\n<h4 class=\"wp-block-heading\">4. H\u1ecdc ph\u00ed:<\/h4>\n\n\n\n<ul class=\"wp-block-list\">\n<li>Li\u00ean h\u1ec7.<\/li>\n<\/ul>\n\n\n\n<p><strong>\u0110\u0103ng k\u00fd ngay t\u1ea1i \u0111\u00e2y:<\/strong>&nbsp;<a href=\"https:\/\/forms.gle\/rLmBXTFZd6N52fJs6\" target=\"_blank\" rel=\"noreferrer noopener\"><strong>\u1ea4N V\u00c0O LINK T\u1ea0I \u0110\u00c2Y<\/strong><\/a>.<\/p>\n\n\n\n<h4 class=\"wp-block-heading\">5. Li\u00ean h\u1ec7:<\/h4>\n\n\n\n<p>Th\u00f4ng tin chi ti\u1ebft v\u1ec1 kh\u00f3a h\u1ecdc xin vui l\u00f2ng li\u00ean h\u1ec7 tr\u1ef1c ti\u1ebfp v\u1edbi ch\u00fang t\u00f4i:<\/p>\n\n\n\n<ul class=\"wp-block-list\">\n<li><strong>Hotline:<\/strong> <mark style=\"background-color:rgba(0, 0, 0, 0)\" class=\"has-inline-color has-vivid-red-color\">0902 114 839 (Zalo)<\/mark><\/li>\n\n\n\n<li><strong>Email:<\/strong> info@opengis.vn \/ info.opengisvn@gmail.com<\/li>\n<\/ul>\n\n\n\n<h4 class=\"wp-block-heading\">6. Ch\u01b0\u01a1ng tr\u00ecnh h\u1ecdc:<\/h4>\n\n\n\n<figure class=\"wp-block-table alignwide\"><table><thead><tr><th class=\"has-text-align-left\" data-align=\"left\">Bu\u1ed5i h\u1ecdc<\/th><th class=\"has-text-align-left\" data-align=\"left\">M\u00e3 kh\u00f3a h\u1ecdc<\/th><th>N\u1ed9i dung h\u1ecdc<\/th><\/tr><\/thead><tbody><tr><td class=\"has-text-align-left\" data-align=\"left\" rowspan=\"3\">Bu\u1ed5i 1<\/td><td class=\"has-text-align-left\" data-align=\"left\"><mark style=\"background-color:rgba(0, 0, 0, 0)\" class=\"has-inline-color has-vivid-red-color\">GIS-LT-01<\/mark><\/td><td>+ L\u00fd thuy\u1ebft v\u1ec1 GIS v\u00e0 c\u00e1c ph\u1ea7n m\u1ec1m ph\u1ed5 bi\u1ebfn.<\/td><\/tr><tr><td class=\"has-text-align-left\" data-align=\"left\"><mark style=\"background-color:rgba(0, 0, 0, 0)\" class=\"has-inline-color has-vivid-red-color\">GIS-LT-02<\/mark><\/td><td class=\"has-text-align-left\" data-align=\"left\">+ C\u00e1c \u1ee9ng d\u1ee5ng GIS ph\u1ed5 bi\u1ebfn.<\/td><\/tr><tr><td class=\"has-text-align-left\" data-align=\"left\"><mark style=\"background-color:rgba(0, 0, 0, 0)\" class=\"has-inline-color has-vivid-green-cyan-color\">GIS-BT-00<\/mark><\/td><td class=\"has-text-align-left\" data-align=\"left\">+ C\u00e0i \u0111\u1eb7t ph\u1ea7n m\u1ec1m: C\u00e0i \u0111\u1eb7t ph\u1ea7n m\u1ec1m ArcGIS Pro ho\u1eb7c QGIS.<\/td><\/tr><tr><td class=\"has-text-align-left\" data-align=\"left\" rowspan=\"3\">Bu\u1ed5i 2<\/td><td class=\"has-text-align-left\" data-align=\"left\"><mark style=\"background-color:rgba(0, 0, 0, 0)\" class=\"has-inline-color has-vivid-red-color\">GIS-LT-03<\/mark><\/td><td>+ C\u00e1c c\u00e1ch x\u00e2y d\u1ef1ng d\u1eef li\u1ec7u GIS.<\/td><\/tr><tr><td class=\"has-text-align-left\" data-align=\"left\"><mark style=\"background-color:rgba(0, 0, 0, 0)\" class=\"has-inline-color has-vivid-red-color\">GIS-LT-04<\/mark><\/td><td class=\"has-text-align-left\" data-align=\"left\">+ Qu\u1ea3n l\u00fd d\u1eef li\u1ec7u GIS.<\/td><\/tr><tr><td class=\"has-text-align-left\" data-align=\"left\"><mark style=\"background-color:rgba(0, 0, 0, 0);color:#0003ff\" class=\"has-inline-color\">GIS-TH-01<\/mark><\/td><td class=\"has-text-align-left\" data-align=\"left\">+ Gi\u1edbi thi\u1ec7u v\u1ec1 giao di\u1ec7n, c\u00e1c tool ch\u1ee9c n\u0103ng ch\u00ednh c\u1ee7a ph\u1ea7n m\u1ec1m ArcGIS\/QGIS.<br>+ T\u1ea1o d\u1ef1 \u00e1n tr\u00ean QGIS\/ArcGIS Pro.<\/td><\/tr><tr><td class=\"has-text-align-left\" data-align=\"left\" rowspan=\"3\">Bu\u1ed5i 3<\/td><td class=\"has-text-align-left\" data-align=\"left\"><mark style=\"background-color:rgba(0, 0, 0, 0)\" class=\"has-inline-color has-vivid-red-color\">GIS-LT-05<\/mark><\/td><td>+ Gi\u1edbi thi\u1ec7u c\u00e1c kh\u00e1i ni\u1ec7m v\u1ec1 b\u1ea3n \u0111\u1ed3, h\u1ec7 quy chi\u1ebfu v\u00e0 m\u1ed9t s\u1ed1 quy \u0111\u1ecbnh hi\u1ec7n h\u00e0nh.<\/td><\/tr><tr><td class=\"has-text-align-left\" data-align=\"left\"><mark style=\"background-color:rgba(0, 0, 0, 0);color:#0003ff\" class=\"has-inline-color\">GIS-TH-02<\/mark><\/td><td class=\"has-text-align-left\" data-align=\"left\">+ Gi\u1edbi thi\u1ec7u c\u00e1c c\u00f4ng c\u1ee5 ch\u00ednh tr\u00ean QGIS\/ArcGIS Pro.<br>+ Th\u1ef1c h\u00e0nh x\u00e2y d\u1ef1ng d\u1eef li\u1ec7u GIS.<\/td><\/tr><tr><td class=\"has-text-align-left\" data-align=\"left\"><mark style=\"background-color:rgba(0, 0, 0, 0)\" class=\"has-inline-color has-vivid-green-cyan-color\">GIS-BT-01<\/mark><\/td><td class=\"has-text-align-left\" data-align=\"left\">+ B\u00e0i t\u1eadp x\u00e2y d\u1ef1ng d\u1eef li\u1ec7u.<\/td><\/tr><tr><td class=\"has-text-align-left\" data-align=\"left\" rowspan=\"2\">Bu\u1ed5i 4<\/td><td class=\"has-text-align-left\" data-align=\"left\"><mark style=\"background-color:rgba(0, 0, 0, 0);color:#0003ff\" class=\"has-inline-color\">GIS-TH-03<\/mark><\/td><td>+ L\u00e0m vi\u1ec7c v\u1edbi d\u1eef li\u1ec7u kh\u00f4ng gian: geoprocessing Tools (m\u1edf r\u1ed9ng, c\u1eaft, h\u1ee3p nh\u1ea5t, l\u1ea5y ph\u1ea7n chung, l\u1ea5y ph\u1ea7n ri\u00eang,&#8230;).<br>+ Hi\u1ec3n th\u1ecb d\u1eef li\u1ec7u, hi\u1ec3n th\u1ecb nh\u00e3n d\u00e1n.<\/td><\/tr><tr><td class=\"has-text-align-left\" data-align=\"left\"><mark style=\"background-color:rgba(0, 0, 0, 0)\" class=\"has-inline-color has-vivid-green-cyan-color\">GIS-BT-02<\/mark><\/td><td class=\"has-text-align-left\" data-align=\"left\">+ Th\u1ef1c h\u00e0nh c\u00e1c tool geoprocessing.<\/td><\/tr><tr><td class=\"has-text-align-left\" data-align=\"left\" rowspan=\"2\">Bu\u1ed5i 5<\/td><td class=\"has-text-align-left\" data-align=\"left\"><mark style=\"background-color:rgba(0, 0, 0, 0);color:#0003ff\" class=\"has-inline-color\">GIS-TH-04<\/mark><\/td><td>+ L\u00e0m vi\u1ec7c v\u1edbi d\u1eef li\u1ec7u thu\u1ed9c t\u00ednh: thao t\u00e1c v\u1edbi d\u1eef li\u1ec7u kh\u00f4ng gian thu\u1ed9c t\u00ednh, th\u1ec3 hi\u1ec7n d\u1eef li\u1ec7u kh\u00f4ng gian theo thu\u1ed9c t\u00ednh.<br>+ Ch\u1ec9nh s\u1eeda, c\u1eadp nh\u1eadt d\u1eef li\u1ec7u thu\u1ed9c t\u00ednh cho d\u1eef li\u1ec7u kh\u00f4ng gian.<br>+ Truy v\u1ea5n d\u1eef li\u1ec7u thu\u1ed9c t\u00ednh v\u00e0 kh\u00f4ng gian.<\/td><\/tr><tr><td class=\"has-text-align-left\" data-align=\"left\"><mark style=\"background-color:rgba(0, 0, 0, 0)\" class=\"has-inline-color has-vivid-green-cyan-color\">GIS-BT-03<\/mark><\/td><td class=\"has-text-align-left\" data-align=\"left\">+ Th\u1ef1c h\u00e0nh c\u00e1c b\u00e0i t\u1eadp d\u1eef li\u1ec7u thu\u1ed9c t\u00ednh.<\/td><\/tr><tr><td class=\"has-text-align-left\" data-align=\"left\">Bu\u1ed5i 6<\/td><td class=\"has-text-align-left\" data-align=\"left\"><mark style=\"background-color:rgba(0, 0, 0, 0);color:#0003ff\" class=\"has-inline-color\">GIS-TH-05<\/mark><\/td><td>+ Th\u1ef1c h\u00e0nh b\u00e0i to\u00e1n chuy\u00ean \u0111\u1ec1 1<\/td><\/tr><tr><td class=\"has-text-align-left\" data-align=\"left\">Bu\u1ed5i 7<\/td><td class=\"has-text-align-left\" data-align=\"left\"><mark style=\"background-color:rgba(0, 0, 0, 0);color:#0003ff\" class=\"has-inline-color\">GIS-TH-06<\/mark><\/td><td>+ Th\u1ef1c h\u00e0nh b\u00e0i to\u00e1n chuy\u00ean \u0111\u1ec1 2<\/td><\/tr><tr><td class=\"has-text-align-left\" data-align=\"left\" rowspan=\"2\">Bu\u1ed5i 8<\/td><td class=\"has-text-align-left\" data-align=\"left\"><mark style=\"background-color:rgba(0, 0, 0, 0);color:#0003ff\" class=\"has-inline-color\">GIS-TH-07<\/mark><\/td><td>+ Tr\u00ecnh b\u00e0y trang in b\u1ea3n \u0111\u1ed3 v\u00e0 c\u00e1c quy chu\u1ea9n b\u1ea3n \u0111\u1ed3 c\u1ee7a Vi\u1ec7t Nam.<br>+ Xu\u1ea5t d\u1eef li\u1ec7u v\u00e0 b\u1ea3n \u0111\u1ed3.<\/td><\/tr><tr><td class=\"has-text-align-left\" data-align=\"left\"><mark style=\"background-color:rgba(0, 0, 0, 0)\" class=\"has-inline-color has-vivid-green-cyan-color\">GIS-BT-04<\/mark><\/td><td class=\"has-text-align-left\" data-align=\"left\">+ B\u00e0i t\u1eadp t\u1ed1t nghi\u1ec7p cu\u1ed1i kh\u00f3a<\/td><\/tr><\/tbody><\/table><\/figure>\n\n\n\n<h4 class=\"wp-block-heading\"><\/h4>","protected":false},"excerpt":{"rendered":"<p>OpenGIS Vi\u1ec7t Nam khai gi\u1ea3ng\u00a0Kh\u00f3a h\u1ecdc GIS #26.01(khai gi\u1ea3ng th\u00e1ng 01\/2026). Kh\u00f3a h\u1ecdc GIS mang \u0111\u1ebfn n\u1ec1n t\u1ea3ng ki\u1ebfn th\u1ee9c t\u1ed5ng h\u1ee3p t\u1eeb GIS, l\u00e0 gi\u1ea3i ph\u00e1p&#8230; <\/p>","protected":false},"author":5,"featured_media":0,"parent":0,"menu_order":0,"comment_status":"closed","ping_status":"closed","template":"","meta":{"footnotes":""},"class_list":["post-4744","page","type-page","status-publish","hentry"],"_links":{"self":[{"href":"https:\/\/opengis.vn\/en\/wp-json\/wp\/v2\/pages\/4744","targetHints":{"allow":["GET"]}}],"collection":[{"href":"https:\/\/opengis.vn\/en\/wp-json\/wp\/v2\/pages"}],"about":[{"href":"https:\/\/opengis.vn\/en\/wp-json\/wp\/v2\/types\/page"}],"author":[{"embeddable":true,"href":"https:\/\/opengis.vn\/en\/wp-json\/wp\/v2\/users\/5"}],"replies":[{"embeddable":true,"href":"https:\/\/opengis.vn\/en\/wp-json\/wp\/v2\/comments?post=4744"}],"version-history":[{"count":38,"href":"https:\/\/opengis.vn\/en\/wp-json\/wp\/v2\/pages\/4744\/revisions"}],"predecessor-version":[{"id":5298,"href":"https:\/\/opengis.vn\/en\/wp-json\/wp\/v2\/pages\/4744\/revisions\/5298"}],"wp:attachment":[{"href":"https:\/\/opengis.vn\/en\/wp-json\/wp\/v2\/media?parent=4744"}],"curies":[{"name":"wp","href":"https:\/\/api.w.org\/{rel}","templated":true}]}}