{"id":870,"date":"2023-01-30T17:17:03","date_gmt":"2023-01-30T10:17:03","guid":{"rendered":"https:\/\/opengis.vn\/?page_id=870"},"modified":"2025-05-20T23:15:49","modified_gmt":"2025-05-20T16:15:49","slug":"course-rs","status":"publish","type":"page","link":"https:\/\/opengis.vn\/en\/course-rs\/","title":{"rendered":"Remote Sensing Course"},"content":{"rendered":"<div data-elementor-type=\"wp-page\" data-elementor-id=\"870\" class=\"elementor elementor-870\">\n\t\t\t\t\t\t<section class=\"elementor-section elementor-top-section elementor-element elementor-element-hibcjvz elementor-section-height-min-height elementor-section-boxed elementor-section-height-default elementor-section-items-middle\" data-id=\"hibcjvz\" data-element_type=\"section\" data-e-type=\"section\" data-settings=\"{&quot;background_background&quot;:&quot;classic&quot;}\">\n\t\t\t\t\t\t\t<div class=\"elementor-background-overlay\"><\/div>\n\t\t\t\t\t\t\t<div class=\"elementor-container elementor-column-gap-default\">\n\t\t\t\t\t<div class=\"elementor-column elementor-col-100 elementor-top-column elementor-element elementor-element-09faee3\" data-id=\"09faee3\" data-element_type=\"column\" data-e-type=\"column\">\n\t\t\t<div class=\"elementor-widget-wrap elementor-element-populated\">\n\t\t\t\t\t\t<div class=\"elementor-element elementor-element-c7152a9 elementor-widget elementor-widget-heading\" data-id=\"c7152a9\" data-element_type=\"widget\" data-e-type=\"widget\" data-widget_type=\"heading.default\">\n\t\t\t\t<div class=\"elementor-widget-container\">\n\t\t\t\t\t<h4 class=\"elementor-heading-title elementor-size-default\">REMOTE SENSING COURSE<\/h4>\t\t\t\t<\/div>\n\t\t\t\t<\/div>\n\t\t\t\t\t<\/div>\n\t\t<\/div>\n\t\t\t\t\t<\/div>\n\t\t<\/section>\n\t\t<div class=\"elementor-element elementor-element-52580a6 e-flex e-con-boxed e-con e-parent\" data-id=\"52580a6\" data-element_type=\"container\" data-e-type=\"container\">\n\t\t\t\t\t<div class=\"e-con-inner\">\n\t\t\t\t\t<\/div>\n\t\t\t\t<\/div>\n\t\t\t\t<section class=\"elementor-section elementor-inner-section elementor-element elementor-element-828d203 elementor-section-boxed elementor-section-height-default elementor-section-height-default\" data-id=\"828d203\" data-element_type=\"section\" data-e-type=\"section\">\n\t\t\t\t\t\t\t<div class=\"elementor-background-overlay\"><\/div>\n\t\t\t\t\t\t\t<div class=\"elementor-container elementor-column-gap-default\">\n\t\t\t\t\t<div class=\"elementor-column elementor-col-50 elementor-inner-column elementor-element elementor-element-996faf0\" data-id=\"996faf0\" data-element_type=\"column\" data-e-type=\"column\">\n\t\t\t<div class=\"elementor-widget-wrap elementor-element-populated\">\n\t\t\t\t\t\t<div class=\"elementor-element elementor-element-1b020ce elementor-widget-divider--view-line elementor-widget elementor-widget-divider\" data-id=\"1b020ce\" data-element_type=\"widget\" data-e-type=\"widget\" data-widget_type=\"divider.default\">\n\t\t\t\t<div class=\"elementor-widget-container\">\n\t\t\t\t\t\t\t<div class=\"elementor-divider\">\n\t\t\t<span class=\"elementor-divider-separator\">\n\t\t\t\t\t\t<\/span>\n\t\t<\/div>\n\t\t\t\t\t\t<\/div>\n\t\t\t\t<\/div>\n\t\t\t\t<div class=\"elementor-element elementor-element-5fec3a0 elementor-widget elementor-widget-heading\" data-id=\"5fec3a0\" data-element_type=\"widget\" data-e-type=\"widget\" data-widget_type=\"heading.default\">\n\t\t\t\t<div class=\"elementor-widget-container\">\n\t\t\t\t\t<h5 class=\"elementor-heading-title elementor-size-default\">REMOTE SENSING COURSE <br>BASIC<\/h5>\t\t\t\t<\/div>\n\t\t\t\t<\/div>\n\t\t\t\t<div class=\"elementor-element elementor-element-37b2d45 elementor-widget elementor-widget-image\" data-id=\"37b2d45\" data-element_type=\"widget\" data-e-type=\"widget\" data-widget_type=\"image.default\">\n\t\t\t\t<div class=\"elementor-widget-container\">\n\t\t\t\t\t\t\t\t\t\t\t\t\t\t\t<img fetchpriority=\"high\" decoding=\"async\" width=\"349\" height=\"374\" src=\"https:\/\/opengis.vn\/wp-content\/uploads\/2023\/08\/Picture4.png\" class=\"attachment-large size-large wp-image-2255\" alt=\"\" srcset=\"https:\/\/opengis.vn\/wp-content\/uploads\/2023\/08\/Picture4.png 349w, https:\/\/opengis.vn\/wp-content\/uploads\/2023\/08\/Picture4-280x300.png 280w, https:\/\/opengis.vn\/wp-content\/uploads\/2023\/08\/Picture4-11x12.png 11w\" sizes=\"(max-width: 349px) 100vw, 349px\" \/>\t\t\t\t\t\t\t\t\t\t\t\t\t\t\t<\/div>\n\t\t\t\t<\/div>\n\t\t\t\t<div class=\"elementor-element elementor-element-b90e962 elementor-widget__width-initial elementor-widget elementor-widget-image-box\" data-id=\"b90e962\" data-element_type=\"widget\" data-e-type=\"widget\" data-widget_type=\"image-box.default\">\n\t\t\t\t<div class=\"elementor-widget-container\">\n\t\t\t\t\t<div class=\"elementor-image-box-wrapper\"><div class=\"elementor-image-box-content\"><h5 class=\"elementor-image-box-title\">Training program:\u200b<\/h5><p class=\"elementor-image-box-description\">1. Gi\u1edbi thi\u1ec7u s\u01a1 l\u01b0\u1ee3c v\u1ec1 Vi\u1ec5n th\u00e1m.<br>\n2. C\u00e1c \u1ee9ng d\u1ee5ng c\u1ee7a Vi\u1ec5n th\u00e1m.<br>\n3. C\u00e1c v\u1ec7 tinh v\u00e0 ngu\u1ed3n \u1ea3nh Vi\u1ec5n th\u00e1m.<br>\n4. T\u1ea3i v\u00e0 hi\u1ec3n th\u1ecb \u1ea3nh v\u1ec7 tinh.<br>\n5. C\u1eaft gh\u00e9p \u1ea3nh v\u1ec7 tinh (C\u01a1 b\u1ea3n).<br>\n6. Ph\u00e2n lo\u1ea1i \u1ea3nh v\u1ec7 tinh (C\u01a1 b\u1ea3n).<br>\n7. \u0110\u00e1nh gi\u00e1 k\u1ebft qu\u1ea3 ph\u00e2n lo\u1ea1i \u1ea3nh (C\u01a1 b\u1ea3n).<br>\n8. L\u1eadp b\u1ea3n \u0111\u1ed3 t\u1eeb \u1ea3nh v\u1ec7 tinh.<br>\n9. Xu\u1ea5t v\u00e0 in \u1ea5n b\u1ea3n \u0111\u1ed3.<br>\n<br><\/p><\/div><\/div>\t\t\t\t<\/div>\n\t\t\t\t<\/div>\n\t\t<div class=\"elementor-element elementor-element-d062bab e-con-full e-flex e-con e-parent\" data-id=\"d062bab\" data-element_type=\"container\" data-e-type=\"container\">\n\t\t<div class=\"elementor-element elementor-element-1c294ee e-flex e-con-boxed e-con e-child\" data-id=\"1c294ee\" data-element_type=\"container\" data-e-type=\"container\">\n\t\t\t\t\t<div class=\"e-con-inner\">\n\t\t\t\t<div class=\"elementor-element elementor-element-06b1cf9 elementor-button-info elementor-align-center elementor-widget elementor-widget-button\" data-id=\"06b1cf9\" data-element_type=\"widget\" data-e-type=\"widget\" data-widget_type=\"button.default\">\n\t\t\t\t<div class=\"elementor-widget-container\">\n\t\t\t\t\t\t\t\t\t<div class=\"elementor-button-wrapper\">\n\t\t\t\t\t<a class=\"elementor-button elementor-size-sm\" role=\"button\">\n\t\t\t\t\t\t<span class=\"elementor-button-content-wrapper\">\n\t\t\t\t\t\t\t\t\t<span class=\"elementor-button-text\">LEARN MORE<\/span>\n\t\t\t\t\t<\/span>\n\t\t\t\t\t<\/a>\n\t\t\t\t<\/div>\n\t\t\t\t\t\t\t\t<\/div>\n\t\t\t\t<\/div>\n\t\t\t\t\t<\/div>\n\t\t\t\t<\/div>\n\t\t\t\t<\/div>\n\t\t\t\t\t<\/div>\n\t\t<\/div>\n\t\t\t\t<div class=\"elementor-column elementor-col-50 elementor-inner-column elementor-element elementor-element-2540727\" data-id=\"2540727\" data-element_type=\"column\" data-e-type=\"column\">\n\t\t\t<div class=\"elementor-widget-wrap elementor-element-populated\">\n\t\t\t\t\t\t<div class=\"elementor-element elementor-element-3a485c2 elementor-widget-divider--view-line elementor-widget elementor-widget-divider\" data-id=\"3a485c2\" data-element_type=\"widget\" data-e-type=\"widget\" data-widget_type=\"divider.default\">\n\t\t\t\t<div class=\"elementor-widget-container\">\n\t\t\t\t\t\t\t<div class=\"elementor-divider\">\n\t\t\t<span class=\"elementor-divider-separator\">\n\t\t\t\t\t\t<\/span>\n\t\t<\/div>\n\t\t\t\t\t\t<\/div>\n\t\t\t\t<\/div>\n\t\t\t\t<div class=\"elementor-element elementor-element-13293f5 elementor-widget elementor-widget-heading\" data-id=\"13293f5\" data-element_type=\"widget\" data-e-type=\"widget\" data-widget_type=\"heading.default\">\n\t\t\t\t<div class=\"elementor-widget-container\">\n\t\t\t\t\t<h5 class=\"elementor-heading-title elementor-size-default\">REMOTE SENSING COURSE<br> ADVANCED<\/h5>\t\t\t\t<\/div>\n\t\t\t\t<\/div>\n\t\t\t\t<div class=\"elementor-element elementor-element-a713070 elementor-widget elementor-widget-image\" data-id=\"a713070\" data-element_type=\"widget\" data-e-type=\"widget\" data-widget_type=\"image.default\">\n\t\t\t\t<div class=\"elementor-widget-container\">\n\t\t\t\t\t\t\t\t\t\t\t\t\t\t\t<img decoding=\"async\" width=\"451\" height=\"451\" src=\"https:\/\/opengis.vn\/wp-content\/uploads\/2023\/08\/VT-nang-cao-1-logo.png\" class=\"attachment-large size-large wp-image-2247\" alt=\"\" srcset=\"https:\/\/opengis.vn\/wp-content\/uploads\/2023\/08\/VT-nang-cao-1-logo.png 451w, https:\/\/opengis.vn\/wp-content\/uploads\/2023\/08\/VT-nang-cao-1-logo-300x300.png 300w, https:\/\/opengis.vn\/wp-content\/uploads\/2023\/08\/VT-nang-cao-1-logo-150x150.png 150w, https:\/\/opengis.vn\/wp-content\/uploads\/2023\/08\/VT-nang-cao-1-logo-12x12.png 12w\" sizes=\"(max-width: 451px) 100vw, 451px\" \/>\t\t\t\t\t\t\t\t\t\t\t\t\t\t\t<\/div>\n\t\t\t\t<\/div>\n\t\t\t\t<div class=\"elementor-element elementor-element-a3019c4 elementor-widget__width-initial elementor-widget elementor-widget-image-box\" data-id=\"a3019c4\" data-element_type=\"widget\" data-e-type=\"widget\" data-widget_type=\"image-box.default\">\n\t\t\t\t<div class=\"elementor-widget-container\">\n\t\t\t\t\t<div class=\"elementor-image-box-wrapper\"><div class=\"elementor-image-box-content\"><h5 class=\"elementor-image-box-title\">Training program:\u200b<\/h5><p class=\"elementor-image-box-description\">1. Gi\u1edbi thi\u1ec7u chi ti\u1ebft v\u1ec1 Vi\u1ec5n th\u00e1m.<br>\n2. C\u00e1ch mua \u1ea3nh vi\u1ec5n th\u00e1m.<br>\n3. T\u1ea3i v\u00e0 hi\u1ec3n th\u1ecb nhi\u1ec1u \u1ea3nh v\u1ec7 tinh.<br>\n4. Hi\u1ec7u ch\u1ec9nh \u1ea3nh v\u1ec7 tinh.<br>\n5. L\u1eadp \u1ea3nh t\u1ef7 s\u1ed1.<br>\n6. C\u1eaft gh\u00e9p nhi\u1ec1u \u1ea3nh v\u1ec7 tinh (N\u00e2ng cao).<br>\n7. Ph\u00e2n lo\u1ea1i nhi\u1ec1u \u1ea3nh v\u1ec7 tinh (N\u00e2ng cao).<br>\n8. \u0110\u00e1nh gi\u00e1 k\u1ebft qu\u1ea3 ph\u00e2n lo\u1ea1i \u1ea3nh (N\u00e2ng cao).<br>\n9. L\u1ecdc, ph\u00e2n t\u00edch k\u1ebft qu\u1ea3 ph\u00e2n lo\u1ea1i \u1ea3nh.<br>\n10. T\u00ednh to\u00e1n, ch\u1ed3ng l\u1edbp \u1ea3nh v\u1ec7 tinh.<\/p><\/div><\/div>\t\t\t\t<\/div>\n\t\t\t\t<\/div>\n\t\t<div class=\"elementor-element elementor-element-bb90b37 e-con-full e-flex e-con e-parent\" data-id=\"bb90b37\" data-element_type=\"container\" data-e-type=\"container\">\n\t\t<div class=\"elementor-element elementor-element-e8a861e e-flex e-con-boxed e-con e-child\" data-id=\"e8a861e\" data-element_type=\"container\" data-e-type=\"container\">\n\t\t\t\t\t<div class=\"e-con-inner\">\n\t\t\t\t<div class=\"elementor-element elementor-element-a2a291e elementor-button-info elementor-align-center elementor-widget elementor-widget-button\" data-id=\"a2a291e\" data-element_type=\"widget\" data-e-type=\"widget\" data-widget_type=\"button.default\">\n\t\t\t\t<div class=\"elementor-widget-container\">\n\t\t\t\t\t\t\t\t\t<div class=\"elementor-button-wrapper\">\n\t\t\t\t\t<a class=\"elementor-button elementor-size-sm\" role=\"button\">\n\t\t\t\t\t\t<span class=\"elementor-button-content-wrapper\">\n\t\t\t\t\t\t\t\t\t<span class=\"elementor-button-text\">LEARN MORE<\/span>\n\t\t\t\t\t<\/span>\n\t\t\t\t\t<\/a>\n\t\t\t\t<\/div>\n\t\t\t\t\t\t\t\t<\/div>\n\t\t\t\t<\/div>\n\t\t\t\t\t<\/div>\n\t\t\t\t<\/div>\n\t\t\t\t<\/div>\n\t\t\t\t\t<\/div>\n\t\t<\/div>\n\t\t\t\t\t<\/div>\n\t\t<\/section>\n\t\t<div class=\"elementor-element elementor-element-68155e3 e-flex e-con-boxed e-con e-parent\" data-id=\"68155e3\" data-element_type=\"container\" data-e-type=\"container\" data-settings=\"{&quot;background_background&quot;:&quot;classic&quot;}\">\n\t\t\t\t\t<div class=\"e-con-inner\">\n\t\t\t\t\t<\/div>\n\t\t\t\t<\/div>\n\t\t\t\t<section class=\"elementor-section elementor-inner-section elementor-element elementor-element-c4a77f6 elementor-section-boxed elementor-section-height-default elementor-section-height-default\" data-id=\"c4a77f6\" data-element_type=\"section\" data-e-type=\"section\" data-settings=\"{&quot;background_background&quot;:&quot;classic&quot;}\">\n\t\t\t\t\t\t\t<div class=\"elementor-background-overlay\"><\/div>\n\t\t\t\t\t\t\t<div class=\"elementor-container elementor-column-gap-default\">\n\t\t\t\t\t<div class=\"elementor-column elementor-col-50 elementor-inner-column elementor-element elementor-element-11a5c00\" data-id=\"11a5c00\" data-element_type=\"column\" data-e-type=\"column\">\n\t\t\t<div class=\"elementor-widget-wrap elementor-element-populated\">\n\t\t\t\t\t\t<div class=\"elementor-element elementor-element-8770654 elementor-widget-divider--view-line elementor-widget elementor-widget-divider\" data-id=\"8770654\" data-element_type=\"widget\" data-e-type=\"widget\" data-widget_type=\"divider.default\">\n\t\t\t\t<div class=\"elementor-widget-container\">\n\t\t\t\t\t\t\t<div class=\"elementor-divider\">\n\t\t\t<span class=\"elementor-divider-separator\">\n\t\t\t\t\t\t<\/span>\n\t\t<\/div>\n\t\t\t\t\t\t<\/div>\n\t\t\t\t<\/div>\n\t\t\t\t<div class=\"elementor-element elementor-element-26968fe elementor-widget elementor-widget-heading\" data-id=\"26968fe\" data-element_type=\"widget\" data-e-type=\"widget\" data-widget_type=\"heading.default\">\n\t\t\t\t<div class=\"elementor-widget-container\">\n\t\t\t\t\t<h5 class=\"elementor-heading-title elementor-size-default\">REMOTE SENSING COURSE <br>TOOL 1<\/h5>\t\t\t\t<\/div>\n\t\t\t\t<\/div>\n\t\t\t\t<div class=\"elementor-element elementor-element-b255410 elementor-widget elementor-widget-image\" data-id=\"b255410\" data-element_type=\"widget\" data-e-type=\"widget\" data-widget_type=\"image.default\">\n\t\t\t\t<div class=\"elementor-widget-container\">\n\t\t\t\t\t\t\t\t\t\t\t\t\t\t\t<img decoding=\"async\" width=\"448\" height=\"506\" src=\"https:\/\/opengis.vn\/wp-content\/uploads\/2023\/08\/bia.png\" class=\"attachment-large size-large wp-image-2248\" alt=\"\" srcset=\"https:\/\/opengis.vn\/wp-content\/uploads\/2023\/08\/bia.png 448w, https:\/\/opengis.vn\/wp-content\/uploads\/2023\/08\/bia-266x300.png 266w, https:\/\/opengis.vn\/wp-content\/uploads\/2023\/08\/bia-11x12.png 11w\" sizes=\"(max-width: 448px) 100vw, 448px\" \/>\t\t\t\t\t\t\t\t\t\t\t\t\t\t\t<\/div>\n\t\t\t\t<\/div>\n\t\t\t\t<div class=\"elementor-element elementor-element-7e5d8bd elementor-widget__width-initial elementor-widget elementor-widget-image-box\" data-id=\"7e5d8bd\" data-element_type=\"widget\" data-e-type=\"widget\" data-widget_type=\"image-box.default\">\n\t\t\t\t<div class=\"elementor-widget-container\">\n\t\t\t\t\t<div class=\"elementor-image-box-wrapper\"><div class=\"elementor-image-box-content\"><h5 class=\"elementor-image-box-title\">Training program:\u200b<\/h5><p class=\"elementor-image-box-description\">\u0110ang ph\u00e1t tri\u1ec3n - li\u00ean h\u1ec7 \u0111\u1ec3 t\u00ecm hi\u1ec3u th\u00eam.<\/p><\/div><\/div>\t\t\t\t<\/div>\n\t\t\t\t<\/div>\n\t\t<div class=\"elementor-element elementor-element-91b236b e-con-full e-flex e-con e-parent\" data-id=\"91b236b\" data-element_type=\"container\" data-e-type=\"container\">\n\t\t<div class=\"elementor-element elementor-element-e7c2361 e-flex e-con-boxed e-con e-child\" data-id=\"e7c2361\" data-element_type=\"container\" data-e-type=\"container\">\n\t\t\t\t\t<div class=\"e-con-inner\">\n\t\t\t\t<div class=\"elementor-element elementor-element-f309710 elementor-button-info elementor-align-center elementor-widget elementor-widget-button\" data-id=\"f309710\" data-element_type=\"widget\" data-e-type=\"widget\" data-widget_type=\"button.default\">\n\t\t\t\t<div class=\"elementor-widget-container\">\n\t\t\t\t\t\t\t\t\t<div class=\"elementor-button-wrapper\">\n\t\t\t\t\t<a class=\"elementor-button elementor-size-sm\" role=\"button\">\n\t\t\t\t\t\t<span class=\"elementor-button-content-wrapper\">\n\t\t\t\t\t\t\t\t\t<span class=\"elementor-button-text\">LEARN MORE<\/span>\n\t\t\t\t\t<\/span>\n\t\t\t\t\t<\/a>\n\t\t\t\t<\/div>\n\t\t\t\t\t\t\t\t<\/div>\n\t\t\t\t<\/div>\n\t\t\t\t\t<\/div>\n\t\t\t\t<\/div>\n\t\t\t\t<\/div>\n\t\t\t\t\t<\/div>\n\t\t<\/div>\n\t\t\t\t<div class=\"elementor-column elementor-col-50 elementor-inner-column elementor-element elementor-element-dae5859\" data-id=\"dae5859\" data-element_type=\"column\" data-e-type=\"column\">\n\t\t\t<div class=\"elementor-widget-wrap elementor-element-populated\">\n\t\t\t\t\t\t<div class=\"elementor-element elementor-element-403cd80 elementor-widget-divider--view-line elementor-widget elementor-widget-divider\" data-id=\"403cd80\" data-element_type=\"widget\" data-e-type=\"widget\" data-widget_type=\"divider.default\">\n\t\t\t\t<div class=\"elementor-widget-container\">\n\t\t\t\t\t\t\t<div class=\"elementor-divider\">\n\t\t\t<span class=\"elementor-divider-separator\">\n\t\t\t\t\t\t<\/span>\n\t\t<\/div>\n\t\t\t\t\t\t<\/div>\n\t\t\t\t<\/div>\n\t\t\t\t<div class=\"elementor-element elementor-element-a803470 elementor-widget elementor-widget-heading\" data-id=\"a803470\" data-element_type=\"widget\" data-e-type=\"widget\" data-widget_type=\"heading.default\">\n\t\t\t\t<div class=\"elementor-widget-container\">\n\t\t\t\t\t<h5 class=\"elementor-heading-title elementor-size-default\">REMOTE SENSING COURSE <br>TOOL 2<\/h5>\t\t\t\t<\/div>\n\t\t\t\t<\/div>\n\t\t\t\t<div class=\"elementor-element elementor-element-fb4dcd1 elementor-widget elementor-widget-image\" data-id=\"fb4dcd1\" data-element_type=\"widget\" data-e-type=\"widget\" data-widget_type=\"image.default\">\n\t\t\t\t<div class=\"elementor-widget-container\">\n\t\t\t\t\t\t\t\t\t\t\t\t\t\t\t<img decoding=\"async\" width=\"448\" height=\"506\" src=\"https:\/\/opengis.vn\/wp-content\/uploads\/2023\/08\/bia.png\" class=\"attachment-large size-large wp-image-2248\" alt=\"\" srcset=\"https:\/\/opengis.vn\/wp-content\/uploads\/2023\/08\/bia.png 448w, https:\/\/opengis.vn\/wp-content\/uploads\/2023\/08\/bia-266x300.png 266w, https:\/\/opengis.vn\/wp-content\/uploads\/2023\/08\/bia-11x12.png 11w\" sizes=\"(max-width: 448px) 100vw, 448px\" \/>\t\t\t\t\t\t\t\t\t\t\t\t\t\t\t<\/div>\n\t\t\t\t<\/div>\n\t\t\t\t<div class=\"elementor-element elementor-element-a784e9e elementor-widget__width-initial elementor-widget elementor-widget-image-box\" data-id=\"a784e9e\" data-element_type=\"widget\" data-e-type=\"widget\" data-widget_type=\"image-box.default\">\n\t\t\t\t<div class=\"elementor-widget-container\">\n\t\t\t\t\t<div class=\"elementor-image-box-wrapper\"><div class=\"elementor-image-box-content\"><h5 class=\"elementor-image-box-title\">Training program:\u200b<\/h5><p class=\"elementor-image-box-description\">\u0110ang ph\u00e1t tri\u1ec3n <span style=\"font-size: 16px;letter-spacing: 0.1px\">- li\u00ean h\u1ec7 \u0111\u1ec3 t\u00ecm hi\u1ec3u th\u00eam<\/span>.<\/p><\/div><\/div>\t\t\t\t<\/div>\n\t\t\t\t<\/div>\n\t\t<div class=\"elementor-element elementor-element-37cb46d e-con-full e-flex e-con e-parent\" data-id=\"37cb46d\" data-element_type=\"container\" data-e-type=\"container\">\n\t\t<div class=\"elementor-element elementor-element-c5534ca e-flex e-con-boxed e-con e-child\" data-id=\"c5534ca\" data-element_type=\"container\" data-e-type=\"container\">\n\t\t\t\t\t<div class=\"e-con-inner\">\n\t\t\t\t<div class=\"elementor-element elementor-element-7d853d1 elementor-button-info elementor-align-center elementor-widget elementor-widget-button\" data-id=\"7d853d1\" data-element_type=\"widget\" data-e-type=\"widget\" data-widget_type=\"button.default\">\n\t\t\t\t<div class=\"elementor-widget-container\">\n\t\t\t\t\t\t\t\t\t<div class=\"elementor-button-wrapper\">\n\t\t\t\t\t<a class=\"elementor-button elementor-size-sm\" role=\"button\">\n\t\t\t\t\t\t<span class=\"elementor-button-content-wrapper\">\n\t\t\t\t\t\t\t\t\t<span class=\"elementor-button-text\">LEARN MORE<\/span>\n\t\t\t\t\t<\/span>\n\t\t\t\t\t<\/a>\n\t\t\t\t<\/div>\n\t\t\t\t\t\t\t\t<\/div>\n\t\t\t\t<\/div>\n\t\t\t\t\t<\/div>\n\t\t\t\t<\/div>\n\t\t\t\t<\/div>\n\t\t\t\t\t<\/div>\n\t\t<\/div>\n\t\t\t\t\t<\/div>\n\t\t<\/section>\n\t\t\t\t<\/div>","protected":false},"excerpt":{"rendered":"<p>KH\u00d3A H\u1eccC VI\u1ec4N TH\u00c1M KH\u00d3A H\u1eccC VI\u1ec4N TH\u00c1M C\u01a0 B\u1ea2N Ch\u01b0\u01a1ng tr\u00ecnh \u0111\u00e0o t\u1ea1o: 1. Gi\u1edbi thi\u1ec7u s\u01a1 l\u01b0\u1ee3c v\u1ec1 Vi\u1ec5n th\u00e1m. 2. C\u00e1c \u1ee9ng d\u1ee5ng c\u1ee7a&#8230; <\/p>","protected":false},"author":4,"featured_media":0,"parent":0,"menu_order":0,"comment_status":"closed","ping_status":"closed","template":"","meta":{"footnotes":""},"class_list":["post-870","page","type-page","status-publish","hentry"],"_links":{"self":[{"href":"https:\/\/opengis.vn\/en\/wp-json\/wp\/v2\/pages\/870","targetHints":{"allow":["GET"]}}],"collection":[{"href":"https:\/\/opengis.vn\/en\/wp-json\/wp\/v2\/pages"}],"about":[{"href":"https:\/\/opengis.vn\/en\/wp-json\/wp\/v2\/types\/page"}],"author":[{"embeddable":true,"href":"https:\/\/opengis.vn\/en\/wp-json\/wp\/v2\/users\/4"}],"replies":[{"embeddable":true,"href":"https:\/\/opengis.vn\/en\/wp-json\/wp\/v2\/comments?post=870"}],"version-history":[{"count":113,"href":"https:\/\/opengis.vn\/en\/wp-json\/wp\/v2\/pages\/870\/revisions"}],"predecessor-version":[{"id":4993,"href":"https:\/\/opengis.vn\/en\/wp-json\/wp\/v2\/pages\/870\/revisions\/4993"}],"wp:attachment":[{"href":"https:\/\/opengis.vn\/en\/wp-json\/wp\/v2\/media?parent=870"}],"curies":[{"name":"wp","href":"https:\/\/api.w.org\/{rel}","templated":true}]}}