{"id":892,"date":"2023-01-30T17:29:00","date_gmt":"2023-01-30T10:29:00","guid":{"rendered":"https:\/\/opengis.vn\/?page_id=892"},"modified":"2024-03-27T12:14:28","modified_gmt":"2024-03-27T05:14:28","slug":"course-gee","status":"publish","type":"page","link":"https:\/\/opengis.vn\/en\/course-gee\/","title":{"rendered":"Google Earth Engine Course"},"content":{"rendered":"<div data-elementor-type=\"wp-page\" data-elementor-id=\"892\" class=\"elementor elementor-892\">\n\t\t\t\t\t\t<section class=\"elementor-section elementor-inner-section elementor-element elementor-element-d492490 elementor-section-boxed elementor-section-height-default elementor-section-height-default\" data-id=\"d492490\" data-element_type=\"section\" data-e-type=\"section\">\n\t\t\t\t\t\t\t<div class=\"elementor-background-overlay\"><\/div>\n\t\t\t\t\t\t\t<div class=\"elementor-container elementor-column-gap-default\">\n\t\t\t\t\t<div class=\"elementor-column elementor-col-50 elementor-inner-column elementor-element elementor-element-072b7ac\" data-id=\"072b7ac\" data-element_type=\"column\" data-e-type=\"column\">\n\t\t\t<div class=\"elementor-widget-wrap elementor-element-populated\">\n\t\t\t\t\t\t<div class=\"elementor-element elementor-element-bd5584b elementor-widget-divider--view-line elementor-widget elementor-widget-divider\" data-id=\"bd5584b\" data-element_type=\"widget\" data-e-type=\"widget\" data-widget_type=\"divider.default\">\n\t\t\t\t<div class=\"elementor-widget-container\">\n\t\t\t\t\t\t\t<div class=\"elementor-divider\">\n\t\t\t<span class=\"elementor-divider-separator\">\n\t\t\t\t\t\t<\/span>\n\t\t<\/div>\n\t\t\t\t\t\t<\/div>\n\t\t\t\t<\/div>\n\t\t\t\t<div class=\"elementor-element elementor-element-9596b08 elementor-widget elementor-widget-heading\" data-id=\"9596b08\" data-element_type=\"widget\" data-e-type=\"widget\" data-widget_type=\"heading.default\">\n\t\t\t\t<div class=\"elementor-widget-container\">\n\t\t\t\t\t<h5 class=\"elementor-heading-title elementor-size-default\">GEE COURSE 1<br>Google Earth Engine<\/h5>\t\t\t\t<\/div>\n\t\t\t\t<\/div>\n\t\t\t\t<div class=\"elementor-element elementor-element-7ad871d elementor-widget elementor-widget-image\" data-id=\"7ad871d\" data-element_type=\"widget\" data-e-type=\"widget\" data-widget_type=\"image.default\">\n\t\t\t\t<div class=\"elementor-widget-container\">\n\t\t\t\t\t\t\t\t\t\t\t\t\t\t\t<img fetchpriority=\"high\" decoding=\"async\" width=\"790\" height=\"420\" src=\"https:\/\/opengis.vn\/wp-content\/uploads\/2023\/08\/pasted-image-0-1024x544.png\" class=\"attachment-large size-large wp-image-1728\" alt=\"\" srcset=\"https:\/\/opengis.vn\/wp-content\/uploads\/2023\/08\/pasted-image-0-1024x544.png 1024w, https:\/\/opengis.vn\/wp-content\/uploads\/2023\/08\/pasted-image-0-300x159.png 300w, https:\/\/opengis.vn\/wp-content\/uploads\/2023\/08\/pasted-image-0-768x408.png 768w, https:\/\/opengis.vn\/wp-content\/uploads\/2023\/08\/pasted-image-0-18x10.png 18w, https:\/\/opengis.vn\/wp-content\/uploads\/2023\/08\/pasted-image-0.png 1245w\" sizes=\"(max-width: 790px) 100vw, 790px\" \/>\t\t\t\t\t\t\t\t\t\t\t\t\t\t\t<\/div>\n\t\t\t\t<\/div>\n\t\t\t\t<div class=\"elementor-element elementor-element-13cbd9f elementor-widget__width-initial elementor-widget elementor-widget-image-box\" data-id=\"13cbd9f\" data-element_type=\"widget\" data-e-type=\"widget\" data-widget_type=\"image-box.default\">\n\t\t\t\t<div class=\"elementor-widget-container\">\n\t\t\t\t\t<div class=\"elementor-image-box-wrapper\"><div class=\"elementor-image-box-content\"><h5 class=\"elementor-image-box-title\">Training program:\u200b<\/h5><p class=\"elementor-image-box-description\"><b>Coming soon!<br><\/b>\nPlease contact us:<br>\nHotline:<br>\n0378 999 853<br>\nMr. \u0110\u1ed7 Th\u00e0nh Long<br>\n<br>\nEmail:<br>\ninfo@opengis.vn<br>\ninfo.opengisvn@gmail.com<br>\ndtlong@opengis.vn<br><\/p><\/div><\/div>\t\t\t\t<\/div>\n\t\t\t\t<\/div>\n\t\t<div class=\"elementor-element elementor-element-c143535 e-con-full e-flex e-con e-parent\" data-id=\"c143535\" data-element_type=\"container\" data-e-type=\"container\">\n\t\t<div class=\"elementor-element elementor-element-cc1f5e3 e-flex e-con-boxed e-con e-parent\" data-id=\"cc1f5e3\" data-element_type=\"container\" data-e-type=\"container\">\n\t\t\t\t\t<div class=\"e-con-inner\">\n\t\t\t\t<div class=\"elementor-element elementor-element-0d2d6e0 elementor-button-info elementor-align-center elementor-widget elementor-widget-button\" data-id=\"0d2d6e0\" data-element_type=\"widget\" data-e-type=\"widget\" data-widget_type=\"button.default\">\n\t\t\t\t<div class=\"elementor-widget-container\">\n\t\t\t\t\t\t\t\t\t<div class=\"elementor-button-wrapper\">\n\t\t\t\t\t<a class=\"elementor-button elementor-size-sm\" role=\"button\">\n\t\t\t\t\t\t<span class=\"elementor-button-content-wrapper\">\n\t\t\t\t\t\t\t\t\t<span class=\"elementor-button-text\">LEARN MORE<\/span>\n\t\t\t\t\t<\/span>\n\t\t\t\t\t<\/a>\n\t\t\t\t<\/div>\n\t\t\t\t\t\t\t\t<\/div>\n\t\t\t\t<\/div>\n\t\t\t\t\t<\/div>\n\t\t\t\t<\/div>\n\t\t\t\t<\/div>\n\t\t\t\t\t<\/div>\n\t\t<\/div>\n\t\t\t\t<div class=\"elementor-column elementor-col-50 elementor-inner-column elementor-element elementor-element-8f598c9\" data-id=\"8f598c9\" data-element_type=\"column\" data-e-type=\"column\">\n\t\t\t<div class=\"elementor-widget-wrap elementor-element-populated\">\n\t\t\t\t\t\t<div class=\"elementor-element elementor-element-03baf97 elementor-widget-divider--view-line elementor-widget elementor-widget-divider\" data-id=\"03baf97\" data-element_type=\"widget\" data-e-type=\"widget\" data-widget_type=\"divider.default\">\n\t\t\t\t<div class=\"elementor-widget-container\">\n\t\t\t\t\t\t\t<div class=\"elementor-divider\">\n\t\t\t<span class=\"elementor-divider-separator\">\n\t\t\t\t\t\t<\/span>\n\t\t<\/div>\n\t\t\t\t\t\t<\/div>\n\t\t\t\t<\/div>\n\t\t\t\t<div class=\"elementor-element elementor-element-dab14ab elementor-widget elementor-widget-heading\" data-id=\"dab14ab\" data-element_type=\"widget\" data-e-type=\"widget\" data-widget_type=\"heading.default\">\n\t\t\t\t<div class=\"elementor-widget-container\">\n\t\t\t\t\t<h5 class=\"elementor-heading-title elementor-size-default\">GEE COURSE 2<br>Google Earth Engine<\/h5>\t\t\t\t<\/div>\n\t\t\t\t<\/div>\n\t\t\t\t<div class=\"elementor-element elementor-element-fe5a8b5 elementor-widget elementor-widget-image\" data-id=\"fe5a8b5\" data-element_type=\"widget\" data-e-type=\"widget\" data-widget_type=\"image.default\">\n\t\t\t\t<div class=\"elementor-widget-container\">\n\t\t\t\t\t\t\t\t\t\t\t\t\t\t\t<img fetchpriority=\"high\" decoding=\"async\" width=\"790\" height=\"420\" src=\"https:\/\/opengis.vn\/wp-content\/uploads\/2023\/08\/pasted-image-0-1024x544.png\" class=\"attachment-large size-large wp-image-1728\" alt=\"\" srcset=\"https:\/\/opengis.vn\/wp-content\/uploads\/2023\/08\/pasted-image-0-1024x544.png 1024w, https:\/\/opengis.vn\/wp-content\/uploads\/2023\/08\/pasted-image-0-300x159.png 300w, https:\/\/opengis.vn\/wp-content\/uploads\/2023\/08\/pasted-image-0-768x408.png 768w, https:\/\/opengis.vn\/wp-content\/uploads\/2023\/08\/pasted-image-0-18x10.png 18w, https:\/\/opengis.vn\/wp-content\/uploads\/2023\/08\/pasted-image-0.png 1245w\" sizes=\"(max-width: 790px) 100vw, 790px\" \/>\t\t\t\t\t\t\t\t\t\t\t\t\t\t\t<\/div>\n\t\t\t\t<\/div>\n\t\t\t\t<div class=\"elementor-element elementor-element-db11ec9 elementor-widget__width-initial elementor-widget elementor-widget-image-box\" data-id=\"db11ec9\" data-element_type=\"widget\" data-e-type=\"widget\" data-widget_type=\"image-box.default\">\n\t\t\t\t<div class=\"elementor-widget-container\">\n\t\t\t\t\t<div class=\"elementor-image-box-wrapper\"><div class=\"elementor-image-box-content\"><h5 class=\"elementor-image-box-title\">Training program:\u200b<\/h5><p class=\"elementor-image-box-description\"><b>Coming soon!<br><\/b>\nPlease contact us:<br>\nHotline:<br>\n0378 999 853<br>\nMr. \u0110\u1ed7 Th\u00e0nh Long<br>\n<br>\nEmail:<br>\ninfo@opengis.vn<br>\ninfo.opengisvn@gmail.com<br>\ndtlong@opengis.vn<br><\/p><\/div><\/div>\t\t\t\t<\/div>\n\t\t\t\t<\/div>\n\t\t<div class=\"elementor-element elementor-element-0de7edc e-con-full e-flex e-con e-parent\" data-id=\"0de7edc\" data-element_type=\"container\" data-e-type=\"container\">\n\t\t<div class=\"elementor-element elementor-element-c73e5e2 e-flex e-con-boxed e-con e-parent\" data-id=\"c73e5e2\" data-element_type=\"container\" data-e-type=\"container\">\n\t\t\t\t\t<div class=\"e-con-inner\">\n\t\t\t\t<div class=\"elementor-element elementor-element-a58b2ad elementor-button-info elementor-align-center elementor-widget elementor-widget-button\" data-id=\"a58b2ad\" data-element_type=\"widget\" data-e-type=\"widget\" data-widget_type=\"button.default\">\n\t\t\t\t<div class=\"elementor-widget-container\">\n\t\t\t\t\t\t\t\t\t<div class=\"elementor-button-wrapper\">\n\t\t\t\t\t<a class=\"elementor-button elementor-size-sm\" role=\"button\">\n\t\t\t\t\t\t<span class=\"elementor-button-content-wrapper\">\n\t\t\t\t\t\t\t\t\t<span class=\"elementor-button-text\">LEARN MORE<\/span>\n\t\t\t\t\t<\/span>\n\t\t\t\t\t<\/a>\n\t\t\t\t<\/div>\n\t\t\t\t\t\t\t\t<\/div>\n\t\t\t\t<\/div>\n\t\t\t\t\t<\/div>\n\t\t\t\t<\/div>\n\t\t\t\t<\/div>\n\t\t\t\t\t<\/div>\n\t\t<\/div>\n\t\t\t\t\t<\/div>\n\t\t<\/section>\n\t\t\t\t<\/div>","protected":false},"excerpt":{"rendered":"<p>KH\u00d3A H\u1eccC GEE 1Google Earth Engine Ch\u01b0\u01a1ng tr\u00ecnh \u0111\u00e0o t\u1ea1o: S\u1eafp ra m\u1eaft! Chi ti\u1ebft vui l\u00f2ng li\u00ean h\u1ec7 Hotline: 0378 999 853 Mr. \u0110\u1ed7 Th\u00e0nh Long&#8230; <\/p>","protected":false},"author":4,"featured_media":0,"parent":0,"menu_order":0,"comment_status":"closed","ping_status":"closed","template":"","meta":{"footnotes":""},"class_list":["post-892","page","type-page","status-publish","hentry"],"_links":{"self":[{"href":"https:\/\/opengis.vn\/en\/wp-json\/wp\/v2\/pages\/892","targetHints":{"allow":["GET"]}}],"collection":[{"href":"https:\/\/opengis.vn\/en\/wp-json\/wp\/v2\/pages"}],"about":[{"href":"https:\/\/opengis.vn\/en\/wp-json\/wp\/v2\/types\/page"}],"author":[{"embeddable":true,"href":"https:\/\/opengis.vn\/en\/wp-json\/wp\/v2\/users\/4"}],"replies":[{"embeddable":true,"href":"https:\/\/opengis.vn\/en\/wp-json\/wp\/v2\/comments?post=892"}],"version-history":[{"count":15,"href":"https:\/\/opengis.vn\/en\/wp-json\/wp\/v2\/pages\/892\/revisions"}],"predecessor-version":[{"id":2322,"href":"https:\/\/opengis.vn\/en\/wp-json\/wp\/v2\/pages\/892\/revisions\/2322"}],"wp:attachment":[{"href":"https:\/\/opengis.vn\/en\/wp-json\/wp\/v2\/media?parent=892"}],"curies":[{"name":"wp","href":"https:\/\/api.w.org\/{rel}","templated":true}]}}